{"id":8491,"date":"2021-05-05T18:28:20","date_gmt":"2021-05-05T17:28:20","guid":{"rendered":"https:\/\/cimodavinha.pt\/faq\/"},"modified":"2022-04-26T18:32:56","modified_gmt":"2022-04-26T17:32:56","slug":"faq","status":"publish","type":"page","link":"https:\/\/cimodavinha.pt\/fr\/faq\/","title":{"rendered":"FAQ"},"content":{"rendered":"\t\t<div data-elementor-type=\"wp-page\" data-elementor-id=\"8491\" class=\"elementor elementor-8491 elementor-8241\">\n\t\t\t\t\t\t<section class=\"elementor-section elementor-top-section elementor-element elementor-element-25c3732 elementor-section-boxed elementor-section-height-default elementor-section-height-default\" data-id=\"25c3732\" data-element_type=\"section\" data-e-type=\"section\">\n\t\t\t\t\t\t<div class=\"elementor-container elementor-column-gap-default\">\n\t\t\t\t\t<div class=\"elementor-column elementor-col-100 elementor-top-column elementor-element elementor-element-c02a3dc\" data-id=\"c02a3dc\" data-element_type=\"column\" data-e-type=\"column\">\n\t\t\t<div class=\"elementor-widget-wrap elementor-element-populated\">\n\t\t\t\t\t\t<div class=\"elementor-element elementor-element-847042f elementor-widget elementor-widget-text-editor\" data-id=\"847042f\" data-element_type=\"widget\" data-e-type=\"widget\" data-widget_type=\"text-editor.default\">\n\t\t\t\t<div class=\"elementor-widget-container\">\n\t\t\t\t\t\t\t\t\t<ul>\n<li><strong>Quelles sont les heures d\u2019ouverture de la r\u00e9ception?<br><\/strong>La r\u00e9ception est ouverte de t\u00f4t le matin jusqu\u2019\u00e0 la fin de l\u2019apr\u00e8s-midi.<\/li>\n<li><strong>En cas d\u2019arriv\u00e9e tardive:<br><\/strong>Si vous arrivez apr\u00e8s la fermeture de la r\u00e9ception, vous recevrez un e-mail contenant les instructions pour acc\u00e9der au complexe et les contacts.<\/li>\n<li><strong>\u00c0 quelle distance se trouve Cimo da Vinha par rapport au fleuve Douro et aux Passerelles de Paiva?<br><\/strong>Les plages du fleuve Douro, \u00e0 Castelo de Paiva, la plage de Castelo et la plagesde Choupal sont respectivement \u00e0 12 et 17 km. Os Passadi\u00e7os do Paiva (entrada da Espiunca) ficam a 7 km. Les Passerelles de Paiva (entr\u00e9e Espiunca) sont \u00e0 7 km.<\/li>\n<li><strong>Est-il permis de faire un feu sur les lieux?<br><\/strong>Il est absolument interdit d\u2019allumer le feu, sous quelque forme que ce soit, dans tout l\u2019\u00e9tablissement et \u00e0 l\u2019ext\u00e9rieur, sous peine d\u2019expulsion.<\/li>\n<li><strong>\u00c0 quelle distance se trouve Cimo da Vinha des services tels que les banques, les autorit\u00e9s, les pharmacies ou les supermarch\u00e9s?<br><\/strong>Nous sommes situ\u00e9s dans la municipalit\u00e9 de Castelo de Paiva, pr\u00e8s de la fronti\u00e8re avec la municipalit\u00e9 d\u2019Arouca. Nous sommes \u00e0 9 km du centre des deux villages.<\/li>\n<li><strong>O\u00f9 est l\u2019a\u00e9roport le plus proche?<\/strong><br>L\u2019a\u00e9roport le plus proche (Francisco S\u00e1 Carneiro), situ\u00e9 dans le quartier OPorto, est \u00e0 68 km. Nous offrons un service de transfert.<\/li>\n<li><strong>L\u2019acc\u00e8s \u00e0 la piscine et le petit-d\u00e9jeuner sont-ils inclus dans le prix?<\/strong><br>Oui. Oui. La piscine est \u00e0 l\u2019usage exclusif de nos h\u00f4tes et le petit d\u00e9jeuner est gratuit. Les enfants doivent toujours \u00eatre accompagn\u00e9s de leurs parents ou d\u2019un adulte responsable de leur surveillance, de leur s\u00e9curit\u00e9 et de leur comportement.<\/li>\n<li><strong>Y a-t-il des options v\u00e9g\u00e9tariennes?<br><\/strong>Oui. Que ce soit pour le petit-d\u00e9jeuner ou dans notre Gastrobar, nous avons une vari\u00e9t\u00e9 d\u2019options, y compris des plats v\u00e9g\u00e9tariens.<\/li>\n<li><strong>Le stationnement est-il gratuit?<\/strong><br>Oui. Tous les clients ont un acc\u00e8s gratuit au parking priv\u00e9 (sans couverture et limit\u00e9 \u00e0 la capacit\u00e9). Le parking dispose d\u2019un circuit de vid\u00e9osurveillance ferm\u00e9. Nous ne sommes pas responsables des objets \u00e0 l\u2019int\u00e9rieur du v\u00e9hicule ou des dommages \u00e9ventuels, dans la voiture.<\/li>\n<li><strong>Y a-t-il un service de bar, de repas et de sup\u00e9rette?<\/strong><br>Oui. Nous avons un Gastrobar ainsi qu\u2019une sup\u00e9rette avec des produits essentiels et des sp\u00e9cialit\u00e9s r\u00e9gionales. Apr\u00e8s la fermeture de ces services, un service de vente ext\u00e9rieur est disponible 24h \/ 24.<\/li>\n<li><strong>Organisez-vous des \u00e9v\u00e9nements ou des conf\u00e9rences?<br><\/strong>Non. l\u2019utilisation est exclusive et con\u00e7ue pour le confort et la tranquillit\u00e9 de nos clients, en tant que tel, nous ne fournissons pas nos installations pour la tenue de tout type d\u2019\u00e9v\u00e9nements.<\/li>\n<li><strong>Quels autres services offrez-vous?<\/strong><br>Nous avons un service de blanchisserie, un transfert a\u00e9roport et l\u2019acc\u00e8s \u00e0 des activit\u00e9s de d\u00e9tente et d\u2019aventure \u00e0 l\u2019int\u00e9rieur et \u00e0 l\u2019ext\u00e9rieur du complexe.<\/li>\n<li><strong>Quels sont les horaires d\u2019enregistrement et de d\u00e9part?<br><\/strong>L\u2019enregistrement, pour tous les h\u00e9bergements, se fait \u00e0 partir de 15h30 et le d\u00e9part \u00e0 11h00. Si vous \u00eates int\u00e9ress\u00e9, vous pouvez demander s\u2019il y a une possibilit\u00e9 pour un d\u00e9part tardif.<\/li>\n<li><strong>Comment fonctionnent les vestiaires et les toilettes pour les tentes Glamping?<br><\/strong>Les salles de bain se trouvent juste \u00e0 c\u00f4t\u00e9 de l\u2019espace r\u00e9serv\u00e9 aux tentes Glamping et sont ouvertes 24h \/ 24..<\/li>\n<li><strong>Les bains sont-ils de l\u2019eau chaude?<\/strong><br>Oui. Les Suites et le Grenier ont une salle de bain priv\u00e9e avec toutes les commodit\u00e9s. Les clients des tentes Glamping ont acc\u00e8s 24h \/ 24 \u00e0 une salle de bains avec tous les services sanitaires et des douches avec eau chaude.<\/li>\n<li><strong>Les animaux sont-ils accept\u00e9s?<\/strong><br>Non. En raison du fait que nous ne pouvons pas garantir \u00e0 100% la s\u00e9curit\u00e9 et la permanence des animaux dans tout l\u2019enclos, ainsi que le contr\u00f4le de leur interaction avec les autres invit\u00e9s, l\u2019acc\u00e8s aux animaux n\u2019est pas autoris\u00e9. Veuillez nous contacter pour des situations exceptionnelles, comme les chiens-guides.<\/li>\n<li><strong>Y at-il une connexion Wi-Fi?<\/strong><br>Oui. Les Suites et le Grenier ont une couverture wi-fi ainsi que les espaces communs int\u00e9rieurs et l\u2019espace ext\u00e9rieur de la terrasse.<\/li>\n<li><strong>Les logements sont-ils climatis\u00e9s?<\/strong><br>Les suites et le grenier sont climatis\u00e9s. Les tentes Glamping ont un chauffage qui peut \u00eatre allum\u00e9.<\/li>\n<li><strong>Quels \u00e9quipements sont inclus dans les tentes Glamping?<br><\/strong>Les tentes Glamping ont acc\u00e8s \u00e0 un point de connexion \u00e9lectrique pour l\u2019utilisation de lampes, chargeurs et radiateurs. Ils ont \u00e9galement une sortie pour la ventilation.<\/li>\n<li><strong>il permis de fumer sur les lieux?<\/strong><br>Il est interdit de fumer \u00e0 l\u2019int\u00e9rieur de tous les h\u00e9bergements \u2013 y compris dans les tentes Glamping \u2013 et il y a un espace ext\u00e9rieur pour les fumeurs, d\u00fbment indiqu\u00e9. Les Suites et le Grenier ont des d\u00e9tecteurs de fum\u00e9e.<\/li>\n<li><strong>Les installations sont-elles pr\u00e9par\u00e9es pour les personnes \u00e0 mobilit\u00e9 r\u00e9duite?<br><\/strong>Oui. En plus des installations disposant de l\u2019\u00e9quipement n\u00e9cessaire, envoyez-nous \u00e9galement un e-mail avec le num\u00e9ro de r\u00e9servation et nous ferons toutes les pr\u00e9parations n\u00e9cessaires.<\/li>\n<li><strong>Les serviettes et le linge de lit sont-ils fournis? Y a-t-il un service de nettoyage?<\/strong><br>Oui, tous les h\u00e9bergements comprennent des serviettes, du linge de lit et un peignoir et sont nettoy\u00e9s tous les jours.<\/li>\n<li><strong>Les h\u00e9bergements disposent-ils de la t\u00e9l\u00e9vision?<\/strong><br>Le Grenier et les suites disposent d\u2019une t\u00e9l\u00e9vision de 43&Prime;. Les tentes Glamping n\u2019ont pas de t\u00e9l\u00e9vision.<\/li>\n<li><strong>L\u2019acc\u00e8s \u00e0 la piscine et au Gastrobar est-il exclusif pour les clients?<br><\/strong>Oui.<\/li>\n<li><strong>Invit\u00e9s et visites de la station?<\/strong><br>Chaque logement (de tout type) ne peut accueillir que deux personnes. Il est possible d\u2019ajouter un lit suppl\u00e9mentaire pour enfant dans les Suites. Toute visite par une personne autre que le client doit \u00eatre autoris\u00e9e \u00e0 la r\u00e9ception qui collectera \u00e9galement les donn\u00e9es du client. Les invit\u00e9s\/ visiteurs ne peuvent en aucun cas passer la nuit.<\/li>\n<li><strong>Les paiements pour la r\u00e9servation sur le site sont-ils s\u00e9curis\u00e9s?<br><\/strong>Oui. Les paiements \u00e0 notre d\u00e9part sont crypt\u00e9s et trait\u00e9s par Paypal et Stripe.<\/li>\n<li><strong>Quelle est la politique d\u2019annulation?<\/strong><strong><br><\/strong>Pour les annulations, utilisez notre e-mail ou notre t\u00e9l\u00e9phone. Pour les r\u00e9servations sur notre site Web, il existe un tarif unique remboursable avec les conditions d\u2019annulation suivantes:\n<p>a) il est possible d\u2019annuler la r\u00e9servation avec un remboursement complet jusqu\u2019\u00e0 7 jours avant l\u2019arriv\u00e9e;<\/p>\n<p>b) il est possible d\u2019annuler la r\u00e9servation de 6 \u00e0 1 jour avant l\u2019enregistrement avec 1) un remboursement partiel de 80% du montant pay\u00e9 ou 2) 100% du montant pay\u00e9 en cr\u00e9dit (coupon) sur une autre r\u00e9servation future;<\/p>\n<p>c) Si le client ne se pr\u00e9sente pas \u00e0 l\u2019enregistrement (non-pr\u00e9sentation), aucun remboursement ne sera effectu\u00e9;<\/p>\n<\/li>\n<li><strong>Puis-je changer la date de r\u00e9servation?<\/strong><br>Le client peut modifier la date de r\u00e9servation, gratuitement, jusqu\u2019\u00e0 7 jours avant l\u2019enregistrement et dans la limite des disponibilit\u00e9s.<\/li>\n<li><strong>Les prix sur le site Web sont-ils d\u00e9finitifs?<\/strong><br>Oui, tous les prix affich\u00e9s sur le site incluent d\u00e9j\u00e0 les taxes, au taux en vigueur<\/li>\n<\/ul>\t\t\t\t\t\t\t\t<\/div>\n\t\t\t\t<\/div>\n\t\t\t\t\t<\/div>\n\t\t<\/div>\n\t\t\t\t\t<\/div>\n\t\t<\/section>\n\t\t\t\t<section class=\"elementor-section elementor-top-section elementor-element elementor-element-f4aa1a9 elementor-section-boxed elementor-section-height-default elementor-section-height-default\" data-id=\"f4aa1a9\" data-element_type=\"section\" data-e-type=\"section\">\n\t\t\t\t\t\t<div class=\"elementor-container elementor-column-gap-default\">\n\t\t\t\t\t<div class=\"elementor-column elementor-col-100 elementor-top-column elementor-element elementor-element-309c243\" data-id=\"309c243\" data-element_type=\"column\" data-e-type=\"column\">\n\t\t\t<div class=\"elementor-widget-wrap elementor-element-populated\">\n\t\t\t\t\t\t<div class=\"elementor-element elementor-element-d03f114 elementor-widget elementor-widget-spacer\" data-id=\"d03f114\" data-element_type=\"widget\" data-e-type=\"widget\" data-widget_type=\"spacer.default\">\n\t\t\t\t<div class=\"elementor-widget-container\">\n\t\t\t\t\t\t\t<div class=\"elementor-spacer\">\n\t\t\t<div class=\"elementor-spacer-inner\"><\/div>\n\t\t<\/div>\n\t\t\t\t\t\t<\/div>\n\t\t\t\t<\/div>\n\t\t\t\t\t<\/div>\n\t\t<\/div>\n\t\t\t\t\t<\/div>\n\t\t<\/section>\n\t\t\t\t<\/div>\n\t\t","protected":false},"excerpt":{"rendered":"<p>\nQuelles sont les heures d\u2019ouverture de la r\u00e9ception?<br \/>\nLa r\u00e9ception est ouverte de t\u00f4t le matin jusqu\u2019\u00e0 la fin de l\u2019apr\u00e8s-midi.<br \/>\nEn cas d\u2019arriv\u00e9e tardive:<br \/>\nSi vous arrivez apr\u00e8s la fermeture de la r\u00e9ception, vous recevrez un e-mail contenant les instructions pour acc\u00e9der au complexe et les contacts.<br \/>\n\u00c0 quelle distance se trouve Cimo <\/p>\n","protected":false},"author":189882525,"featured_media":0,"parent":0,"menu_order":0,"comment_status":"closed","ping_status":"closed","template":"","meta":{"footnotes":""},"class_list":["post-8491","page","type-page","status-publish","hentry"],"yoast_head":"<!-- This site is optimized with the Yoast SEO plugin v27.3 - https:\/\/yoast.com\/product\/yoast-seo-wordpress\/ -->\n<title>FAQ - Cimo da Vinha<\/title>\n<meta name=\"robots\" content=\"index, follow, max-snippet:-1, max-image-preview:large, max-video-preview:-1\" \/>\n<link rel=\"canonical\" href=\"https:\/\/cimodavinha.pt\/fr\/faq\/\" \/>\n<meta property=\"og:locale\" content=\"fr_FR\" \/>\n<meta property=\"og:type\" content=\"article\" \/>\n<meta property=\"og:title\" content=\"FAQ - Cimo da Vinha\" \/>\n<meta property=\"og:description\" content=\"Quelles sont les heures d\u2019ouverture de la r\u00e9ception? La r\u00e9ception est ouverte de t\u00f4t le matin jusqu\u2019\u00e0 la fin de l\u2019apr\u00e8s-midi. En cas d\u2019arriv\u00e9e tardive: Si vous arrivez apr\u00e8s la fermeture de la r\u00e9ception, vous recevrez un e-mail contenant les instructions pour acc\u00e9der au complexe et les contacts. \u00c0 quelle distance se trouve Cimo\" \/>\n<meta property=\"og:url\" content=\"https:\/\/cimodavinha.pt\/fr\/faq\/\" \/>\n<meta property=\"og:site_name\" content=\"Cimo da Vinha\" \/>\n<meta property=\"article:modified_time\" content=\"2022-04-26T17:32:56+00:00\" \/>\n<meta name=\"twitter:card\" content=\"summary_large_image\" \/>\n<meta name=\"twitter:label1\" content=\"Dur\u00e9e de lecture estim\u00e9e\" \/>\n\t<meta name=\"twitter:data1\" content=\"5 minutes\" \/>\n<script type=\"application\/ld+json\" class=\"yoast-schema-graph\">{\"@context\":\"https:\\\/\\\/schema.org\",\"@graph\":[{\"@type\":\"WebPage\",\"@id\":\"https:\\\/\\\/cimodavinha.pt\\\/fr\\\/faq\\\/\",\"url\":\"https:\\\/\\\/cimodavinha.pt\\\/fr\\\/faq\\\/\",\"name\":\"FAQ - Cimo da Vinha\",\"isPartOf\":{\"@id\":\"https:\\\/\\\/cimodavinha.pt\\\/en\\\/#website\"},\"datePublished\":\"2021-05-05T17:28:20+00:00\",\"dateModified\":\"2022-04-26T17:32:56+00:00\",\"breadcrumb\":{\"@id\":\"https:\\\/\\\/cimodavinha.pt\\\/fr\\\/faq\\\/#breadcrumb\"},\"inLanguage\":\"fr-FR\",\"potentialAction\":[{\"@type\":\"ReadAction\",\"target\":[\"https:\\\/\\\/cimodavinha.pt\\\/fr\\\/faq\\\/\"]}]},{\"@type\":\"BreadcrumbList\",\"@id\":\"https:\\\/\\\/cimodavinha.pt\\\/fr\\\/faq\\\/#breadcrumb\",\"itemListElement\":[{\"@type\":\"ListItem\",\"position\":1,\"name\":\"In\u00edcio\",\"item\":\"https:\\\/\\\/cimodavinha.pt\\\/en\\\/\"},{\"@type\":\"ListItem\",\"position\":2,\"name\":\"FAQ\"}]},{\"@type\":\"WebSite\",\"@id\":\"https:\\\/\\\/cimodavinha.pt\\\/en\\\/#website\",\"url\":\"https:\\\/\\\/cimodavinha.pt\\\/en\\\/\",\"name\":\"Cimo da Vinha\",\"description\":\"\u00c0 deux pas du Douro et du Paiva\",\"potentialAction\":[{\"@type\":\"SearchAction\",\"target\":{\"@type\":\"EntryPoint\",\"urlTemplate\":\"https:\\\/\\\/cimodavinha.pt\\\/en\\\/?s={search_term_string}\"},\"query-input\":{\"@type\":\"PropertyValueSpecification\",\"valueRequired\":true,\"valueName\":\"search_term_string\"}}],\"inLanguage\":\"fr-FR\"}]}<\/script>\n<!-- \/ Yoast SEO plugin. -->","yoast_head_json":{"title":"FAQ - Cimo da Vinha","robots":{"index":"index","follow":"follow","max-snippet":"max-snippet:-1","max-image-preview":"max-image-preview:large","max-video-preview":"max-video-preview:-1"},"canonical":"https:\/\/cimodavinha.pt\/fr\/faq\/","og_locale":"fr_FR","og_type":"article","og_title":"FAQ - Cimo da Vinha","og_description":"Quelles sont les heures d\u2019ouverture de la r\u00e9ception? La r\u00e9ception est ouverte de t\u00f4t le matin jusqu\u2019\u00e0 la fin de l\u2019apr\u00e8s-midi. En cas d\u2019arriv\u00e9e tardive: Si vous arrivez apr\u00e8s la fermeture de la r\u00e9ception, vous recevrez un e-mail contenant les instructions pour acc\u00e9der au complexe et les contacts. \u00c0 quelle distance se trouve Cimo","og_url":"https:\/\/cimodavinha.pt\/fr\/faq\/","og_site_name":"Cimo da Vinha","article_modified_time":"2022-04-26T17:32:56+00:00","twitter_card":"summary_large_image","twitter_misc":{"Dur\u00e9e de lecture estim\u00e9e":"5 minutes"},"schema":{"@context":"https:\/\/schema.org","@graph":[{"@type":"WebPage","@id":"https:\/\/cimodavinha.pt\/fr\/faq\/","url":"https:\/\/cimodavinha.pt\/fr\/faq\/","name":"FAQ - Cimo da Vinha","isPartOf":{"@id":"https:\/\/cimodavinha.pt\/en\/#website"},"datePublished":"2021-05-05T17:28:20+00:00","dateModified":"2022-04-26T17:32:56+00:00","breadcrumb":{"@id":"https:\/\/cimodavinha.pt\/fr\/faq\/#breadcrumb"},"inLanguage":"fr-FR","potentialAction":[{"@type":"ReadAction","target":["https:\/\/cimodavinha.pt\/fr\/faq\/"]}]},{"@type":"BreadcrumbList","@id":"https:\/\/cimodavinha.pt\/fr\/faq\/#breadcrumb","itemListElement":[{"@type":"ListItem","position":1,"name":"In\u00edcio","item":"https:\/\/cimodavinha.pt\/en\/"},{"@type":"ListItem","position":2,"name":"FAQ"}]},{"@type":"WebSite","@id":"https:\/\/cimodavinha.pt\/en\/#website","url":"https:\/\/cimodavinha.pt\/en\/","name":"Cimo da Vinha","description":"\u00c0 deux pas du Douro et du Paiva","potentialAction":[{"@type":"SearchAction","target":{"@type":"EntryPoint","urlTemplate":"https:\/\/cimodavinha.pt\/en\/?s={search_term_string}"},"query-input":{"@type":"PropertyValueSpecification","valueRequired":true,"valueName":"search_term_string"}}],"inLanguage":"fr-FR"}]}},"jetpack_likes_enabled":false,"jetpack_sharing_enabled":true,"jetpack_shortlink":"https:\/\/wp.me\/Pccy88-2cX","_links":{"self":[{"href":"https:\/\/cimodavinha.pt\/fr\/wp-json\/wp\/v2\/pages\/8491","targetHints":{"allow":["GET"]}}],"collection":[{"href":"https:\/\/cimodavinha.pt\/fr\/wp-json\/wp\/v2\/pages"}],"about":[{"href":"https:\/\/cimodavinha.pt\/fr\/wp-json\/wp\/v2\/types\/page"}],"author":[{"embeddable":true,"href":"https:\/\/cimodavinha.pt\/fr\/wp-json\/wp\/v2\/users\/189882525"}],"replies":[{"embeddable":true,"href":"https:\/\/cimodavinha.pt\/fr\/wp-json\/wp\/v2\/comments?post=8491"}],"version-history":[{"count":11,"href":"https:\/\/cimodavinha.pt\/fr\/wp-json\/wp\/v2\/pages\/8491\/revisions"}],"predecessor-version":[{"id":14957,"href":"https:\/\/cimodavinha.pt\/fr\/wp-json\/wp\/v2\/pages\/8491\/revisions\/14957"}],"wp:attachment":[{"href":"https:\/\/cimodavinha.pt\/fr\/wp-json\/wp\/v2\/media?parent=8491"}],"curies":[{"name":"wp","href":"https:\/\/api.w.org\/{rel}","templated":true}]}}