{"id":6032,"date":"2020-10-30T11:51:21","date_gmt":"2020-10-30T11:51:21","guid":{"rendered":"https:\/\/cimodavinha.pt\/confirmation-de-reservation\/la-transaction-a-echoue\/"},"modified":"2021-05-31T20:08:15","modified_gmt":"2021-05-31T19:08:15","slug":"la-transaction-a-echoue","status":"publish","type":"page","link":"https:\/\/cimodavinha.pt\/fr\/confirmation-de-reservation\/la-transaction-a-echoue\/","title":{"rendered":"La transaction a \u00e9chou\u00e9"},"content":{"rendered":"<p>Malheureusement, votre transaction a \u00e9chou\u00e9. Veuillez r\u00e9essayer ou contacter votre banque.<\/p>\n","protected":false},"excerpt":{"rendered":"<p>Malheureusement, votre transaction a \u00e9chou\u00e9. Veuillez r\u00e9essayer ou contacter votre banque.<\/p>\n","protected":false},"author":189882525,"featured_media":0,"parent":6025,"menu_order":0,"comment_status":"closed","ping_status":"closed","template":"","meta":{"footnotes":""},"class_list":["post-6032","page","type-page","status-publish","hentry"],"yoast_head":"<!-- This site is optimized with the Yoast SEO plugin v27.3 - https:\/\/yoast.com\/product\/yoast-seo-wordpress\/ -->\n<title>La transaction a \u00e9chou\u00e9 - Cimo da Vinha<\/title>\n<meta name=\"robots\" content=\"index, follow, max-snippet:-1, max-image-preview:large, max-video-preview:-1\" \/>\n<link rel=\"canonical\" href=\"https:\/\/cimodavinha.pt\/fr\/confirmation-de-reservation\/la-transaction-a-echoue\/\" \/>\n<meta property=\"og:locale\" content=\"fr_FR\" \/>\n<meta property=\"og:type\" content=\"article\" \/>\n<meta property=\"og:title\" content=\"La transaction a \u00e9chou\u00e9 - Cimo da Vinha\" \/>\n<meta property=\"og:description\" content=\"Malheureusement, votre transaction a \u00e9chou\u00e9. Veuillez r\u00e9essayer ou contacter votre banque.\" \/>\n<meta property=\"og:url\" content=\"https:\/\/cimodavinha.pt\/fr\/confirmation-de-reservation\/la-transaction-a-echoue\/\" \/>\n<meta property=\"og:site_name\" content=\"Cimo da Vinha\" \/>\n<meta property=\"article:modified_time\" content=\"2021-05-31T19:08:15+00:00\" \/>\n<meta name=\"twitter:card\" content=\"summary_large_image\" \/>\n<script type=\"application\/ld+json\" class=\"yoast-schema-graph\">{\"@context\":\"https:\\\/\\\/schema.org\",\"@graph\":[{\"@type\":\"WebPage\",\"@id\":\"https:\\\/\\\/cimodavinha.pt\\\/fr\\\/confirmation-de-reservation\\\/la-transaction-a-echoue\\\/\",\"url\":\"https:\\\/\\\/cimodavinha.pt\\\/fr\\\/confirmation-de-reservation\\\/la-transaction-a-echoue\\\/\",\"name\":\"La transaction a \u00e9chou\u00e9 - Cimo da Vinha\",\"isPartOf\":{\"@id\":\"https:\\\/\\\/cimodavinha.pt\\\/en\\\/#website\"},\"datePublished\":\"2020-10-30T11:51:21+00:00\",\"dateModified\":\"2021-05-31T19:08:15+00:00\",\"breadcrumb\":{\"@id\":\"https:\\\/\\\/cimodavinha.pt\\\/fr\\\/confirmation-de-reservation\\\/la-transaction-a-echoue\\\/#breadcrumb\"},\"inLanguage\":\"fr-FR\",\"potentialAction\":[{\"@type\":\"ReadAction\",\"target\":[\"https:\\\/\\\/cimodavinha.pt\\\/fr\\\/confirmation-de-reservation\\\/la-transaction-a-echoue\\\/\"]}]},{\"@type\":\"BreadcrumbList\",\"@id\":\"https:\\\/\\\/cimodavinha.pt\\\/fr\\\/confirmation-de-reservation\\\/la-transaction-a-echoue\\\/#breadcrumb\",\"itemListElement\":[{\"@type\":\"ListItem\",\"position\":1,\"name\":\"In\u00edcio\",\"item\":\"https:\\\/\\\/cimodavinha.pt\\\/en\\\/\"},{\"@type\":\"ListItem\",\"position\":2,\"name\":\"Confirmation de r\u00e9servation\",\"item\":\"https:\\\/\\\/cimodavinha.pt\\\/fr\\\/confirmation-de-reservation\\\/\"},{\"@type\":\"ListItem\",\"position\":3,\"name\":\"La transaction a \u00e9chou\u00e9\"}]},{\"@type\":\"WebSite\",\"@id\":\"https:\\\/\\\/cimodavinha.pt\\\/en\\\/#website\",\"url\":\"https:\\\/\\\/cimodavinha.pt\\\/en\\\/\",\"name\":\"Cimo da Vinha\",\"description\":\"\u00c0 deux pas du Douro et du Paiva\",\"potentialAction\":[{\"@type\":\"SearchAction\",\"target\":{\"@type\":\"EntryPoint\",\"urlTemplate\":\"https:\\\/\\\/cimodavinha.pt\\\/en\\\/?s={search_term_string}\"},\"query-input\":{\"@type\":\"PropertyValueSpecification\",\"valueRequired\":true,\"valueName\":\"search_term_string\"}}],\"inLanguage\":\"fr-FR\"}]}<\/script>\n<!-- \/ Yoast SEO plugin. -->","yoast_head_json":{"title":"La transaction a \u00e9chou\u00e9 - Cimo da Vinha","robots":{"index":"index","follow":"follow","max-snippet":"max-snippet:-1","max-image-preview":"max-image-preview:large","max-video-preview":"max-video-preview:-1"},"canonical":"https:\/\/cimodavinha.pt\/fr\/confirmation-de-reservation\/la-transaction-a-echoue\/","og_locale":"fr_FR","og_type":"article","og_title":"La transaction a \u00e9chou\u00e9 - Cimo da Vinha","og_description":"Malheureusement, votre transaction a \u00e9chou\u00e9. Veuillez r\u00e9essayer ou contacter votre banque.","og_url":"https:\/\/cimodavinha.pt\/fr\/confirmation-de-reservation\/la-transaction-a-echoue\/","og_site_name":"Cimo da Vinha","article_modified_time":"2021-05-31T19:08:15+00:00","twitter_card":"summary_large_image","schema":{"@context":"https:\/\/schema.org","@graph":[{"@type":"WebPage","@id":"https:\/\/cimodavinha.pt\/fr\/confirmation-de-reservation\/la-transaction-a-echoue\/","url":"https:\/\/cimodavinha.pt\/fr\/confirmation-de-reservation\/la-transaction-a-echoue\/","name":"La transaction a \u00e9chou\u00e9 - Cimo da Vinha","isPartOf":{"@id":"https:\/\/cimodavinha.pt\/en\/#website"},"datePublished":"2020-10-30T11:51:21+00:00","dateModified":"2021-05-31T19:08:15+00:00","breadcrumb":{"@id":"https:\/\/cimodavinha.pt\/fr\/confirmation-de-reservation\/la-transaction-a-echoue\/#breadcrumb"},"inLanguage":"fr-FR","potentialAction":[{"@type":"ReadAction","target":["https:\/\/cimodavinha.pt\/fr\/confirmation-de-reservation\/la-transaction-a-echoue\/"]}]},{"@type":"BreadcrumbList","@id":"https:\/\/cimodavinha.pt\/fr\/confirmation-de-reservation\/la-transaction-a-echoue\/#breadcrumb","itemListElement":[{"@type":"ListItem","position":1,"name":"In\u00edcio","item":"https:\/\/cimodavinha.pt\/en\/"},{"@type":"ListItem","position":2,"name":"Confirmation de r\u00e9servation","item":"https:\/\/cimodavinha.pt\/fr\/confirmation-de-reservation\/"},{"@type":"ListItem","position":3,"name":"La transaction a \u00e9chou\u00e9"}]},{"@type":"WebSite","@id":"https:\/\/cimodavinha.pt\/en\/#website","url":"https:\/\/cimodavinha.pt\/en\/","name":"Cimo da Vinha","description":"\u00c0 deux pas du Douro et du Paiva","potentialAction":[{"@type":"SearchAction","target":{"@type":"EntryPoint","urlTemplate":"https:\/\/cimodavinha.pt\/en\/?s={search_term_string}"},"query-input":{"@type":"PropertyValueSpecification","valueRequired":true,"valueName":"search_term_string"}}],"inLanguage":"fr-FR"}]}},"jetpack_likes_enabled":false,"jetpack_sharing_enabled":true,"jetpack_shortlink":"https:\/\/wp.me\/Pccy88-1zi","_links":{"self":[{"href":"https:\/\/cimodavinha.pt\/fr\/wp-json\/wp\/v2\/pages\/6032","targetHints":{"allow":["GET"]}}],"collection":[{"href":"https:\/\/cimodavinha.pt\/fr\/wp-json\/wp\/v2\/pages"}],"about":[{"href":"https:\/\/cimodavinha.pt\/fr\/wp-json\/wp\/v2\/types\/page"}],"author":[{"embeddable":true,"href":"https:\/\/cimodavinha.pt\/fr\/wp-json\/wp\/v2\/users\/189882525"}],"replies":[{"embeddable":true,"href":"https:\/\/cimodavinha.pt\/fr\/wp-json\/wp\/v2\/comments?post=6032"}],"version-history":[{"count":2,"href":"https:\/\/cimodavinha.pt\/fr\/wp-json\/wp\/v2\/pages\/6032\/revisions"}],"predecessor-version":[{"id":6037,"href":"https:\/\/cimodavinha.pt\/fr\/wp-json\/wp\/v2\/pages\/6032\/revisions\/6037"}],"up":[{"embeddable":true,"href":"https:\/\/cimodavinha.pt\/fr\/wp-json\/wp\/v2\/pages\/6025"}],"wp:attachment":[{"href":"https:\/\/cimodavinha.pt\/fr\/wp-json\/wp\/v2\/media?parent=6032"}],"curies":[{"name":"wp","href":"https:\/\/api.w.org\/{rel}","templated":true}]}}