{"id":8495,"date":"2021-05-05T18:50:08","date_gmt":"2021-05-05T17:50:08","guid":{"rendered":"https:\/\/cimodavinha.pt\/faq\/"},"modified":"2022-04-26T18:40:30","modified_gmt":"2022-04-26T17:40:30","slug":"faq","status":"publish","type":"page","link":"https:\/\/cimodavinha.pt\/es\/faq\/","title":{"rendered":"FAQ"},"content":{"rendered":"\t\t<div data-elementor-type=\"wp-page\" data-elementor-id=\"8495\" class=\"elementor elementor-8495 elementor-8241\">\n\t\t\t\t\t\t<section class=\"elementor-section elementor-top-section elementor-element elementor-element-25c3732 elementor-section-boxed elementor-section-height-default elementor-section-height-default\" data-id=\"25c3732\" data-element_type=\"section\" data-e-type=\"section\">\n\t\t\t\t\t\t<div class=\"elementor-container elementor-column-gap-default\">\n\t\t\t\t\t<div class=\"elementor-column elementor-col-100 elementor-top-column elementor-element elementor-element-c02a3dc\" data-id=\"c02a3dc\" data-element_type=\"column\" data-e-type=\"column\">\n\t\t\t<div class=\"elementor-widget-wrap elementor-element-populated\">\n\t\t\t\t\t\t<div class=\"elementor-element elementor-element-847042f elementor-widget elementor-widget-text-editor\" data-id=\"847042f\" data-element_type=\"widget\" data-e-type=\"widget\" data-widget_type=\"text-editor.default\">\n\t\t\t\t<div class=\"elementor-widget-container\">\n\t\t\t\t\t\t\t\t\t<ul>\n<li><strong>Cu\u00e1l es el horario de apertura de la recepci\u00f3n?<br><\/strong>La recepci\u00f3n est\u00e1 abierta desde primera hora de la ma\u00f1ana hasta \u00faltima hora de la tarde.<\/li>\n<li><strong>En caso de llegada tard\u00eda:<br><\/strong>Si llega despu\u00e9s del cierre de la recepci\u00f3n, se le enviar\u00e1 un correo electr\u00f3nico con instrucciones para acceder al resort y contactos.<\/li>\n<li><strong>A qu\u00e9 distancia est\u00e1 Cimo da Vinha del r\u00edo Duero y las Pasarelas de Paiva?<br><\/strong>Las playas del r\u00edo Duero, en Castelo de Paiva, la playa de Castelo y la playa de Choupal est\u00e1n a 12 y 17 km, respectivamente. Las Pasarelas de Paiva (entrada de Espiunca) est\u00e1n a 7 km..<\/li>\n<li><strong>Est\u00e1 permitido encender fuego en las instalaciones?<br><\/strong>Queda absolutamente prohibido encender fuego, de cualquier forma, en todo el complejo y en el exterior, bajo pena de expulsi\u00f3n.<\/li>\n<li><strong>A qu\u00e9 distancia est\u00e1 Cimo da Vinha de servicios como bancos, autoridades, farmacias o supermercados?<br><\/strong>Estamos ubicados en el municipio de Castelo de Paiva, cerca del l\u00edmite con el municipio de Arouca. Estamos a 9 km del centro de ambos pueblos.<\/li>\n<li><strong>D\u00f3nde est\u00e1 el aeropuerto m\u00e1s cercano?<\/strong><br>El aeropuerto m\u00e1s cercano (Francisco S\u00e1 Carneiro), ubicado en la zona de OPorto, se encuentra a 68 km. Ofrecemos un servicio de transfer.<\/li>\n<li><strong>El acceso a la piscina y el desayuno est\u00e1n incluidos en el precio?<\/strong><br>Si. Si. La piscina es para uso exclusivo de nuestros hu\u00e9spedes y todos tienen derecho al desayuno. Los ni\u00f1os siempre deben estar acompa\u00f1ados de sus padres o de un adulto que sea responsable de su vigilancia, seguridad y comportamiento..<\/li>\n<li><strong>Hay opciones vegetarianas?<br><\/strong>Si. Ya sea para desayunar o en nuestro Gastrobar tenemos variedad de opciones, incluyendo platos vegetarianos.<\/li>\n<li><strong>El estacionamiento es gratis?<\/strong><br>Si. Todos los hu\u00e9spedes tienen acceso gratuito al aparcamiento privado (sin cobertura y limitado a aforo). La zona de aparcamiento dispone de circuito cerrado de videovigilancia. No nos hacemos responsables de los objetos dentro del veh\u00edculo o de posibles da\u00f1os, en el coche..<\/li>\n<li><strong>Hay servicio de bar, comida y minimercado?<\/strong><br>Si. Contamos con un Gastrobar y un mini-mercado con productos b\u00e1sicos y delicias regionales. Despu\u00e9s de cerrar estos servicios, hay un servicio de vending externo disponible las 24 horas del d\u00eda.<\/li>\n<li><strong>Organiza eventos o conferencias?<br><\/strong>No. El uso es exclusivo y dise\u00f1ado para la comodidad y tranquilidad de nuestros hu\u00e9spedes, por lo que no brindamos nuestras instalaciones para la realizaci\u00f3n de ning\u00fan tipo de eventos.<\/li>\n<li><strong>Que otros servicios ofrecen?<\/strong><br>Contamos con servicio de lavander\u00eda, traslado al aeropuerto y acceso a actividades de relajaci\u00f3n y aventura dentro y fuera del resort.<\/li>\n<li><strong>Cu\u00e1les son los horarios de entrada y salida?<br><\/strong>El Check In, para todos los alojamientos, se realiza a partir de las 3:30 pm y el Check Out es a las 11 am. Si est\u00e1 interesado puede preguntar si existe la posibilidad de un Check Out tard\u00edo.<\/li>\n<li><strong>C\u00f3mo funcionan los vestuarios y los aseos para las Carpas Glamping?<br><\/strong>Los ba\u00f1os est\u00e1n justo al lado del espacio reservado para las Carpas Glamping y est\u00e1n abiertos las 24 horas del d\u00eda.<\/li>\n<li><strong>Son los ba\u00f1os de agua caliente?<\/strong><br>Si. Las Suites y Granero tienen ba\u00f1o privado con todas las comodidades. Los hu\u00e9spedes de las Carpas Glamping tienen acceso las 24 horas a un ba\u00f1o con todos los servicios sanitarios y duchas de agua caliente.<\/li>\n<li><strong>Se aceptan mascotas?<\/strong><br>No. Debido a que no podemos garantizar al 100% la seguridad y permanencia de los animales en todo el recinto, as\u00ed como controlar su interacci\u00f3n con otros hu\u00e9spedes, no se permite el acceso a los animales. P\u00f3ngase en contacto con nosotros para situaciones excepcionales, como perros gu\u00eda.<\/li>\n<li><strong>Hay wi-fi?<\/strong><br>Si. Las Suites y Granero cuentan con cobertura wi-fi as\u00ed como las \u00e1reas comunes interiores y el \u00e1rea exterior de la terraza.<\/li>\n<li><strong>Los alojamientos tienen aire acondicionado?<\/strong><br>Las Suites y el Granero tienen aire acondicionado. Las tiendas Glamping tienen un calentador que se puede encender.<\/li>\n<li><strong>Qu\u00e9 comodidades est\u00e1n incluidas en las Carpas Glamping?<br><\/strong>Las Carpas Glamping tienen acceso a un punto de conexi\u00f3n el\u00e9ctrica para el uso de l\u00e1mparas, cargadores y calentador. Tambi\u00e9n tienen salida para ventilaci\u00f3n.<\/li>\n<li><strong>Est\u00e1 permitido fumar en las instalaciones?<\/strong><br>Est\u00e1 prohibido fumar dentro de todos los alojamientos, incluso en las Carpas Glamping, y hay una zona exterior para fumadores, debidamente se\u00f1alizada. Las Suites y el Granero tienen detectores de humo.<\/li>\n<li><strong>Est\u00e1n preparadas las instalaciones para personas con movilidad reducida?<br><\/strong>Si. Adem\u00e1s de que las instalaciones cuenten con el equipo necesario, tambi\u00e9n env\u00edanos un correo electr\u00f3nico con el N\u00famero de Reserva y haremos todos los preparativos necesarios.<\/li>\n<li><strong>Se proporcionan toallas y ropa de cama? Hay servicio de limpieza?<\/strong><br>S\u00ed, todos los alojamientos incluyen toallas, ropa de cama y albornoz y se limpian todos los d\u00edas.<\/li>\n<li><strong>Los alojamientos tienen TV?<\/strong><br>Lo Granero y las Suites tienen un televisor de 43 pulgadas. Las Carpas Glamping no tienen TV.<\/li>\n<li><strong>Es el acceso a la piscina y al Gastrobar exclusivo para hu\u00e9spedes?<br><\/strong>Si.<\/li>\n<li><strong>Invitados y visitas al resort?<\/strong><br>Cada alojamiento (de cualquier tipo) tiene capacidad para dos personas. Es posible a\u00f1adir una cama extra para ni\u00f1os en las Suites. Cualquier visita de alguien que no sea el hu\u00e9sped debe ser autorizada en la recepci\u00f3n, que tambi\u00e9n recopilar\u00e1 los datos del hu\u00e9sped. Los invitados\/ visitantes no pueden bajo ninguna circunstancia pasar la noche.<\/li>\n<li><strong>Son seguros los pagos por reservar en el sitio?<br><\/strong>Si. Los pagos en nuestro Check Out est\u00e1n encriptados y procesados por Paypal y Stripe.<\/li>\n<li><strong>Cual es la pol\u00edtica de cancelaci\u00f3n?<\/strong><strong><br><\/strong>Para cancelaciones utilice nuestro correo electr\u00f3nico o tel\u00e9fono. Para reservas en nuestro sitio web, existe una tarifa \u00fanica reembolsable con las siguientes condiciones de cancelaci\u00f3n:\n<p>a) es posible cancelar la reserva con un reembolso completo hasta 7 d\u00edas antes del Check In;<\/p>\n<p>b) es posible cancelar la reserva de 6 a 1 d\u00eda antes del Check In con 1) un reembolso parcial del 80% del monto pagado o 2) el 100% del monto pagado como cr\u00e9dito (cup\u00f3n) en otra reserva futura;<\/p>\n<p>c) En caso de que el hu\u00e9sped no se presente para el check in (no show), no se procesar\u00e1 ning\u00fan reembolso;<\/p>\n<\/li>\n<li><strong>Puedo cambiar la fecha de la reserva?<\/strong><br>El cliente puede cambiar la fecha de reserva, sin cargo, hasta 7 d\u00edas antes del Check In y limitado a disponibilidad.<\/li>\n<li><strong>Los precios del sitio web son definitivos?<\/strong><br>S\u00ed, todos los precios que se muestran en el sitio web ya incluyen impuestos.<\/li>\n<\/ul>\t\t\t\t\t\t\t\t<\/div>\n\t\t\t\t<\/div>\n\t\t\t\t\t<\/div>\n\t\t<\/div>\n\t\t\t\t\t<\/div>\n\t\t<\/section>\n\t\t\t\t<section class=\"elementor-section elementor-top-section elementor-element elementor-element-f4aa1a9 elementor-section-boxed elementor-section-height-default elementor-section-height-default\" data-id=\"f4aa1a9\" data-element_type=\"section\" data-e-type=\"section\">\n\t\t\t\t\t\t<div class=\"elementor-container elementor-column-gap-default\">\n\t\t\t\t\t<div class=\"elementor-column elementor-col-100 elementor-top-column elementor-element elementor-element-309c243\" data-id=\"309c243\" data-element_type=\"column\" data-e-type=\"column\">\n\t\t\t<div class=\"elementor-widget-wrap elementor-element-populated\">\n\t\t\t\t\t\t<div class=\"elementor-element elementor-element-d03f114 elementor-widget elementor-widget-spacer\" data-id=\"d03f114\" data-element_type=\"widget\" data-e-type=\"widget\" data-widget_type=\"spacer.default\">\n\t\t\t\t<div class=\"elementor-widget-container\">\n\t\t\t\t\t\t\t<div class=\"elementor-spacer\">\n\t\t\t<div class=\"elementor-spacer-inner\"><\/div>\n\t\t<\/div>\n\t\t\t\t\t\t<\/div>\n\t\t\t\t<\/div>\n\t\t\t\t\t<\/div>\n\t\t<\/div>\n\t\t\t\t\t<\/div>\n\t\t<\/section>\n\t\t\t\t<\/div>\n\t\t","protected":false},"excerpt":{"rendered":"<p>\nCu\u00e1l es el horario de apertura de la recepci\u00f3n?<br \/>\nLa recepci\u00f3n est\u00e1 abierta desde primera hora de la ma\u00f1ana hasta \u00faltima hora de la tarde.<br \/>\nEn caso de llegada tard\u00eda:<br \/>\nSi llega despu\u00e9s del cierre de la recepci\u00f3n, se le enviar\u00e1 un correo electr\u00f3nico con instrucciones para acceder al resort y contactos.<br \/>\nA qu\u00e9 <\/p>\n","protected":false},"author":189882525,"featured_media":0,"parent":0,"menu_order":0,"comment_status":"closed","ping_status":"closed","template":"","meta":{"footnotes":""},"class_list":["post-8495","page","type-page","status-publish","hentry"],"yoast_head":"<!-- This site is optimized with the Yoast SEO plugin v27.3 - https:\/\/yoast.com\/product\/yoast-seo-wordpress\/ -->\n<title>FAQ - Cimo da Vinha<\/title>\n<meta name=\"robots\" content=\"index, follow, max-snippet:-1, max-image-preview:large, max-video-preview:-1\" \/>\n<link rel=\"canonical\" href=\"https:\/\/cimodavinha.pt\/es\/faq\/\" \/>\n<meta property=\"og:locale\" content=\"es_ES\" \/>\n<meta property=\"og:type\" content=\"article\" \/>\n<meta property=\"og:title\" content=\"FAQ - Cimo da Vinha\" \/>\n<meta property=\"og:description\" content=\"Cu\u00e1l es el horario de apertura de la recepci\u00f3n? La recepci\u00f3n est\u00e1 abierta desde primera hora de la ma\u00f1ana hasta \u00faltima hora de la tarde. En caso de llegada tard\u00eda: Si llega despu\u00e9s del cierre de la recepci\u00f3n, se le enviar\u00e1 un correo electr\u00f3nico con instrucciones para acceder al resort y contactos. A qu\u00e9\" \/>\n<meta property=\"og:url\" content=\"https:\/\/cimodavinha.pt\/es\/faq\/\" \/>\n<meta property=\"og:site_name\" content=\"Cimo da Vinha\" \/>\n<meta property=\"article:modified_time\" content=\"2022-04-26T17:40:30+00:00\" \/>\n<meta name=\"twitter:card\" content=\"summary_large_image\" \/>\n<meta name=\"twitter:label1\" content=\"Tiempo de lectura\" \/>\n\t<meta name=\"twitter:data1\" content=\"5 minutos\" \/>\n<script type=\"application\/ld+json\" class=\"yoast-schema-graph\">{\"@context\":\"https:\\\/\\\/schema.org\",\"@graph\":[{\"@type\":\"WebPage\",\"@id\":\"https:\\\/\\\/cimodavinha.pt\\\/es\\\/faq\\\/\",\"url\":\"https:\\\/\\\/cimodavinha.pt\\\/es\\\/faq\\\/\",\"name\":\"FAQ - Cimo da Vinha\",\"isPartOf\":{\"@id\":\"https:\\\/\\\/cimodavinha.pt\\\/en\\\/#website\"},\"datePublished\":\"2021-05-05T17:50:08+00:00\",\"dateModified\":\"2022-04-26T17:40:30+00:00\",\"breadcrumb\":{\"@id\":\"https:\\\/\\\/cimodavinha.pt\\\/es\\\/faq\\\/#breadcrumb\"},\"inLanguage\":\"es\",\"potentialAction\":[{\"@type\":\"ReadAction\",\"target\":[\"https:\\\/\\\/cimodavinha.pt\\\/es\\\/faq\\\/\"]}]},{\"@type\":\"BreadcrumbList\",\"@id\":\"https:\\\/\\\/cimodavinha.pt\\\/es\\\/faq\\\/#breadcrumb\",\"itemListElement\":[{\"@type\":\"ListItem\",\"position\":1,\"name\":\"In\u00edcio\",\"item\":\"https:\\\/\\\/cimodavinha.pt\\\/en\\\/\"},{\"@type\":\"ListItem\",\"position\":2,\"name\":\"FAQ\"}]},{\"@type\":\"WebSite\",\"@id\":\"https:\\\/\\\/cimodavinha.pt\\\/en\\\/#website\",\"url\":\"https:\\\/\\\/cimodavinha.pt\\\/en\\\/\",\"name\":\"Cimo da Vinha\",\"description\":\"A un paso del Duero y del Paiva\",\"potentialAction\":[{\"@type\":\"SearchAction\",\"target\":{\"@type\":\"EntryPoint\",\"urlTemplate\":\"https:\\\/\\\/cimodavinha.pt\\\/en\\\/?s={search_term_string}\"},\"query-input\":{\"@type\":\"PropertyValueSpecification\",\"valueRequired\":true,\"valueName\":\"search_term_string\"}}],\"inLanguage\":\"es\"}]}<\/script>\n<!-- \/ Yoast SEO plugin. -->","yoast_head_json":{"title":"FAQ - Cimo da Vinha","robots":{"index":"index","follow":"follow","max-snippet":"max-snippet:-1","max-image-preview":"max-image-preview:large","max-video-preview":"max-video-preview:-1"},"canonical":"https:\/\/cimodavinha.pt\/es\/faq\/","og_locale":"es_ES","og_type":"article","og_title":"FAQ - Cimo da Vinha","og_description":"Cu\u00e1l es el horario de apertura de la recepci\u00f3n? La recepci\u00f3n est\u00e1 abierta desde primera hora de la ma\u00f1ana hasta \u00faltima hora de la tarde. En caso de llegada tard\u00eda: Si llega despu\u00e9s del cierre de la recepci\u00f3n, se le enviar\u00e1 un correo electr\u00f3nico con instrucciones para acceder al resort y contactos. A qu\u00e9","og_url":"https:\/\/cimodavinha.pt\/es\/faq\/","og_site_name":"Cimo da Vinha","article_modified_time":"2022-04-26T17:40:30+00:00","twitter_card":"summary_large_image","twitter_misc":{"Tiempo de lectura":"5 minutos"},"schema":{"@context":"https:\/\/schema.org","@graph":[{"@type":"WebPage","@id":"https:\/\/cimodavinha.pt\/es\/faq\/","url":"https:\/\/cimodavinha.pt\/es\/faq\/","name":"FAQ - Cimo da Vinha","isPartOf":{"@id":"https:\/\/cimodavinha.pt\/en\/#website"},"datePublished":"2021-05-05T17:50:08+00:00","dateModified":"2022-04-26T17:40:30+00:00","breadcrumb":{"@id":"https:\/\/cimodavinha.pt\/es\/faq\/#breadcrumb"},"inLanguage":"es","potentialAction":[{"@type":"ReadAction","target":["https:\/\/cimodavinha.pt\/es\/faq\/"]}]},{"@type":"BreadcrumbList","@id":"https:\/\/cimodavinha.pt\/es\/faq\/#breadcrumb","itemListElement":[{"@type":"ListItem","position":1,"name":"In\u00edcio","item":"https:\/\/cimodavinha.pt\/en\/"},{"@type":"ListItem","position":2,"name":"FAQ"}]},{"@type":"WebSite","@id":"https:\/\/cimodavinha.pt\/en\/#website","url":"https:\/\/cimodavinha.pt\/en\/","name":"Cimo da Vinha","description":"A un paso del Duero y del Paiva","potentialAction":[{"@type":"SearchAction","target":{"@type":"EntryPoint","urlTemplate":"https:\/\/cimodavinha.pt\/en\/?s={search_term_string}"},"query-input":{"@type":"PropertyValueSpecification","valueRequired":true,"valueName":"search_term_string"}}],"inLanguage":"es"}]}},"jetpack_likes_enabled":false,"jetpack_sharing_enabled":true,"jetpack_shortlink":"https:\/\/wp.me\/Pccy88-2d1","_links":{"self":[{"href":"https:\/\/cimodavinha.pt\/es\/wp-json\/wp\/v2\/pages\/8495","targetHints":{"allow":["GET"]}}],"collection":[{"href":"https:\/\/cimodavinha.pt\/es\/wp-json\/wp\/v2\/pages"}],"about":[{"href":"https:\/\/cimodavinha.pt\/es\/wp-json\/wp\/v2\/types\/page"}],"author":[{"embeddable":true,"href":"https:\/\/cimodavinha.pt\/es\/wp-json\/wp\/v2\/users\/189882525"}],"replies":[{"embeddable":true,"href":"https:\/\/cimodavinha.pt\/es\/wp-json\/wp\/v2\/comments?post=8495"}],"version-history":[{"count":11,"href":"https:\/\/cimodavinha.pt\/es\/wp-json\/wp\/v2\/pages\/8495\/revisions"}],"predecessor-version":[{"id":14966,"href":"https:\/\/cimodavinha.pt\/es\/wp-json\/wp\/v2\/pages\/8495\/revisions\/14966"}],"wp:attachment":[{"href":"https:\/\/cimodavinha.pt\/es\/wp-json\/wp\/v2\/media?parent=8495"}],"curies":[{"name":"wp","href":"https:\/\/api.w.org\/{rel}","templated":true}]}}