{"id":6014,"date":"2020-10-30T10:59:24","date_gmt":"2020-10-30T10:59:24","guid":{"rendered":"https:\/\/cimodavinha.pt\/confirmacion-de-reserva\/transaccion-fallida\/"},"modified":"2021-05-31T20:01:35","modified_gmt":"2021-05-31T19:01:35","slug":"transaccion-fallida","status":"publish","type":"page","link":"https:\/\/cimodavinha.pt\/es\/confirmacion-de-reserva\/transaccion-fallida\/","title":{"rendered":"Transacci\u00f3n fallida"},"content":{"rendered":"<p>Desafortunadamente, su transacci\u00f3n fall\u00f3. Vuelva a intentarlo o p\u00f3ngase en contacto con su banco.<\/p>\n","protected":false},"excerpt":{"rendered":"<p>Desafortunadamente, su transacci\u00f3n fall\u00f3. Vuelva a intentarlo o p\u00f3ngase en contacto con su banco.<\/p>\n","protected":false},"author":189882525,"featured_media":0,"parent":6009,"menu_order":0,"comment_status":"closed","ping_status":"closed","template":"","meta":{"footnotes":""},"class_list":["post-6014","page","type-page","status-publish","hentry"],"yoast_head":"<!-- This site is optimized with the Yoast SEO plugin v27.4 - https:\/\/yoast.com\/product\/yoast-seo-wordpress\/ -->\n<title>Transacci\u00f3n fallida - Cimo da Vinha<\/title>\n<meta name=\"robots\" content=\"index, follow, max-snippet:-1, max-image-preview:large, max-video-preview:-1\" \/>\n<link rel=\"canonical\" href=\"https:\/\/cimodavinha.pt\/es\/confirmacion-de-reserva\/transaccion-fallida\/\" \/>\n<meta property=\"og:locale\" content=\"es_ES\" \/>\n<meta property=\"og:type\" content=\"article\" \/>\n<meta property=\"og:title\" content=\"Transacci\u00f3n fallida - Cimo da Vinha\" \/>\n<meta property=\"og:description\" content=\"Desafortunadamente, su transacci\u00f3n fall\u00f3. Vuelva a intentarlo o p\u00f3ngase en contacto con su banco.\" \/>\n<meta property=\"og:url\" content=\"https:\/\/cimodavinha.pt\/es\/confirmacion-de-reserva\/transaccion-fallida\/\" \/>\n<meta property=\"og:site_name\" content=\"Cimo da Vinha\" \/>\n<meta property=\"article:modified_time\" content=\"2021-05-31T19:01:35+00:00\" \/>\n<meta name=\"twitter:card\" content=\"summary_large_image\" \/>\n<script type=\"application\/ld+json\" class=\"yoast-schema-graph\">{\"@context\":\"https:\\\/\\\/schema.org\",\"@graph\":[{\"@type\":\"WebPage\",\"@id\":\"https:\\\/\\\/cimodavinha.pt\\\/es\\\/confirmacion-de-reserva\\\/transaccion-fallida\\\/\",\"url\":\"https:\\\/\\\/cimodavinha.pt\\\/es\\\/confirmacion-de-reserva\\\/transaccion-fallida\\\/\",\"name\":\"Transacci\u00f3n fallida - Cimo da Vinha\",\"isPartOf\":{\"@id\":\"https:\\\/\\\/cimodavinha.pt\\\/en\\\/#website\"},\"datePublished\":\"2020-10-30T10:59:24+00:00\",\"dateModified\":\"2021-05-31T19:01:35+00:00\",\"breadcrumb\":{\"@id\":\"https:\\\/\\\/cimodavinha.pt\\\/es\\\/confirmacion-de-reserva\\\/transaccion-fallida\\\/#breadcrumb\"},\"inLanguage\":\"es\",\"potentialAction\":[{\"@type\":\"ReadAction\",\"target\":[\"https:\\\/\\\/cimodavinha.pt\\\/es\\\/confirmacion-de-reserva\\\/transaccion-fallida\\\/\"]}]},{\"@type\":\"BreadcrumbList\",\"@id\":\"https:\\\/\\\/cimodavinha.pt\\\/es\\\/confirmacion-de-reserva\\\/transaccion-fallida\\\/#breadcrumb\",\"itemListElement\":[{\"@type\":\"ListItem\",\"position\":1,\"name\":\"In\u00edcio\",\"item\":\"https:\\\/\\\/cimodavinha.pt\\\/en\\\/\"},{\"@type\":\"ListItem\",\"position\":2,\"name\":\"Confirmaci\u00f3n de reserva\",\"item\":\"https:\\\/\\\/cimodavinha.pt\\\/es\\\/confirmacion-de-reserva\\\/\"},{\"@type\":\"ListItem\",\"position\":3,\"name\":\"Transacci\u00f3n fallida\"}]},{\"@type\":\"WebSite\",\"@id\":\"https:\\\/\\\/cimodavinha.pt\\\/en\\\/#website\",\"url\":\"https:\\\/\\\/cimodavinha.pt\\\/en\\\/\",\"name\":\"Cimo da Vinha\",\"description\":\"A un paso del Duero y del Paiva\",\"potentialAction\":[{\"@type\":\"SearchAction\",\"target\":{\"@type\":\"EntryPoint\",\"urlTemplate\":\"https:\\\/\\\/cimodavinha.pt\\\/en\\\/?s={search_term_string}\"},\"query-input\":{\"@type\":\"PropertyValueSpecification\",\"valueRequired\":true,\"valueName\":\"search_term_string\"}}],\"inLanguage\":\"es\"}]}<\/script>\n<!-- \/ Yoast SEO plugin. -->","yoast_head_json":{"title":"Transacci\u00f3n fallida - Cimo da Vinha","robots":{"index":"index","follow":"follow","max-snippet":"max-snippet:-1","max-image-preview":"max-image-preview:large","max-video-preview":"max-video-preview:-1"},"canonical":"https:\/\/cimodavinha.pt\/es\/confirmacion-de-reserva\/transaccion-fallida\/","og_locale":"es_ES","og_type":"article","og_title":"Transacci\u00f3n fallida - Cimo da Vinha","og_description":"Desafortunadamente, su transacci\u00f3n fall\u00f3. Vuelva a intentarlo o p\u00f3ngase en contacto con su banco.","og_url":"https:\/\/cimodavinha.pt\/es\/confirmacion-de-reserva\/transaccion-fallida\/","og_site_name":"Cimo da Vinha","article_modified_time":"2021-05-31T19:01:35+00:00","twitter_card":"summary_large_image","schema":{"@context":"https:\/\/schema.org","@graph":[{"@type":"WebPage","@id":"https:\/\/cimodavinha.pt\/es\/confirmacion-de-reserva\/transaccion-fallida\/","url":"https:\/\/cimodavinha.pt\/es\/confirmacion-de-reserva\/transaccion-fallida\/","name":"Transacci\u00f3n fallida - Cimo da Vinha","isPartOf":{"@id":"https:\/\/cimodavinha.pt\/en\/#website"},"datePublished":"2020-10-30T10:59:24+00:00","dateModified":"2021-05-31T19:01:35+00:00","breadcrumb":{"@id":"https:\/\/cimodavinha.pt\/es\/confirmacion-de-reserva\/transaccion-fallida\/#breadcrumb"},"inLanguage":"es","potentialAction":[{"@type":"ReadAction","target":["https:\/\/cimodavinha.pt\/es\/confirmacion-de-reserva\/transaccion-fallida\/"]}]},{"@type":"BreadcrumbList","@id":"https:\/\/cimodavinha.pt\/es\/confirmacion-de-reserva\/transaccion-fallida\/#breadcrumb","itemListElement":[{"@type":"ListItem","position":1,"name":"In\u00edcio","item":"https:\/\/cimodavinha.pt\/en\/"},{"@type":"ListItem","position":2,"name":"Confirmaci\u00f3n de reserva","item":"https:\/\/cimodavinha.pt\/es\/confirmacion-de-reserva\/"},{"@type":"ListItem","position":3,"name":"Transacci\u00f3n fallida"}]},{"@type":"WebSite","@id":"https:\/\/cimodavinha.pt\/en\/#website","url":"https:\/\/cimodavinha.pt\/en\/","name":"Cimo da Vinha","description":"A un paso del Duero y del Paiva","potentialAction":[{"@type":"SearchAction","target":{"@type":"EntryPoint","urlTemplate":"https:\/\/cimodavinha.pt\/en\/?s={search_term_string}"},"query-input":{"@type":"PropertyValueSpecification","valueRequired":true,"valueName":"search_term_string"}}],"inLanguage":"es"}]}},"jetpack_likes_enabled":false,"jetpack_sharing_enabled":true,"jetpack_shortlink":"https:\/\/wp.me\/Pccy88-1z0","_links":{"self":[{"href":"https:\/\/cimodavinha.pt\/es\/wp-json\/wp\/v2\/pages\/6014","targetHints":{"allow":["GET"]}}],"collection":[{"href":"https:\/\/cimodavinha.pt\/es\/wp-json\/wp\/v2\/pages"}],"about":[{"href":"https:\/\/cimodavinha.pt\/es\/wp-json\/wp\/v2\/types\/page"}],"author":[{"embeddable":true,"href":"https:\/\/cimodavinha.pt\/es\/wp-json\/wp\/v2\/users\/189882525"}],"replies":[{"embeddable":true,"href":"https:\/\/cimodavinha.pt\/es\/wp-json\/wp\/v2\/comments?post=6014"}],"version-history":[{"count":1,"href":"https:\/\/cimodavinha.pt\/es\/wp-json\/wp\/v2\/pages\/6014\/revisions"}],"predecessor-version":[{"id":6038,"href":"https:\/\/cimodavinha.pt\/es\/wp-json\/wp\/v2\/pages\/6014\/revisions\/6038"}],"up":[{"embeddable":true,"href":"https:\/\/cimodavinha.pt\/es\/wp-json\/wp\/v2\/pages\/6009"}],"wp:attachment":[{"href":"https:\/\/cimodavinha.pt\/es\/wp-json\/wp\/v2\/media?parent=6014"}],"curies":[{"name":"wp","href":"https:\/\/api.w.org\/{rel}","templated":true}]}}